{"id":18523,"date":"2020-10-06T13:13:20","date_gmt":"2020-10-06T12:13:20","guid":{"rendered":"https:\/\/companyinfo.de\/?page_id=18523"},"modified":"2021-01-27T09:47:52","modified_gmt":"2021-01-27T08:47:52","slug":"unbefristetes-abonnement","status":"publish","type":"page","link":"https:\/\/companyinfo.de\/abonnements\/unbefristetes-abonnement\/","title":{"rendered":"Unbefristetes Abonnement"},"content":{"rendered":"","protected":false},"excerpt":{"rendered":"","protected":false},"author":6,"featured_media":0,"parent":19290,"menu_order":0,"comment_status":"closed","ping_status":"closed","template":"","meta":{"_acf_changed":false,"footnotes":""},"class_list":["post-18523","page","type-page","status-publish","hentry"],"acf":[],"yoast_head":"<title>Companyinfo -<\/title>\n<meta name=\"description\" content=\"Das unbefristete Abonnement von Company.info Online wurde speziell f\u00fcr Professionals entwickelt, die bei ihrer Arbeit auf vollst\u00e4ndige, zuverl\u00e4ssige und aktuelle Betriebsinformationen angewiesen sind.\" \/>\n<meta name=\"robots\" content=\"index, follow, max-snippet:-1, max-image-preview:large, max-video-preview:-1\" \/>\n<link rel=\"canonical\" href=\"https:\/\/companyinfo.de\/abonnements\/unbefristetes-abonnement\/\" \/>\n<meta property=\"og:locale\" content=\"de_DE\" \/>\n<meta property=\"og:type\" content=\"article\" \/>\n<meta property=\"og:title\" content=\"Unbefristetes Abonnement | Company.info\" \/>\n<meta property=\"og:description\" content=\"Das unbefristete Abonnement von Company.info Online wurde speziell f\u00fcr Professionals entwickelt, die bei ihrer Arbeit auf vollst\u00e4ndige, zuverl\u00e4ssige und aktuelle Betriebsinformationen angewiesen sind.\" \/>\n<meta property=\"og:url\" content=\"https:\/\/companyinfo.de\/abonnements\/unbefristetes-abonnement\/\" \/>\n<meta property=\"og:site_name\" content=\"Companyinfo\" \/>\n<meta property=\"article:modified_time\" content=\"2021-01-27T08:47:52+00:00\" \/>\n<meta name=\"twitter:card\" content=\"summary_large_image\" \/>","yoast_head_json":{"title":"Companyinfo -","description":"Das unbefristete Abonnement von Company.info Online wurde speziell f\u00fcr Professionals entwickelt, die bei ihrer Arbeit auf vollst\u00e4ndige, zuverl\u00e4ssige und aktuelle Betriebsinformationen angewiesen sind.","robots":{"index":"index","follow":"follow","max-snippet":"max-snippet:-1","max-image-preview":"max-image-preview:large","max-video-preview":"max-video-preview:-1"},"canonical":"https:\/\/companyinfo.de\/abonnements\/unbefristetes-abonnement\/","og_locale":"de_DE","og_type":"article","og_title":"Unbefristetes Abonnement | Company.info","og_description":"Das unbefristete Abonnement von Company.info Online wurde speziell f\u00fcr Professionals entwickelt, die bei ihrer Arbeit auf vollst\u00e4ndige, zuverl\u00e4ssige und aktuelle Betriebsinformationen angewiesen sind.","og_url":"https:\/\/companyinfo.de\/abonnements\/unbefristetes-abonnement\/","og_site_name":"Companyinfo","article_modified_time":"2021-01-27T08:47:52+00:00","twitter_card":"summary_large_image","schema":{"@context":"https:\/\/schema.org","@graph":[{"@type":"WebPage","@id":"https:\/\/companyinfo.de\/abonnements\/unbefristetes-abonnement\/","url":"https:\/\/companyinfo.de\/abonnements\/unbefristetes-abonnement\/","name":"Unbefristetes Abonnement | Company.info","isPartOf":{"@id":"https:\/\/companyinfo.de\/#website"},"datePublished":"2020-10-06T12:13:20+00:00","dateModified":"2021-01-27T08:47:52+00:00","description":"Das unbefristete Abonnement von Company.info Online wurde speziell f\u00fcr Professionals entwickelt, die bei ihrer Arbeit auf vollst\u00e4ndige, zuverl\u00e4ssige und aktuelle Betriebsinformationen angewiesen sind.","breadcrumb":{"@id":"https:\/\/companyinfo.de\/abonnements\/unbefristetes-abonnement\/#breadcrumb"},"inLanguage":"de","potentialAction":[{"@type":"ReadAction","target":["https:\/\/companyinfo.de\/abonnements\/unbefristetes-abonnement\/"]}]},{"@type":"BreadcrumbList","@id":"https:\/\/companyinfo.de\/abonnements\/unbefristetes-abonnement\/#breadcrumb","itemListElement":[{"@type":"ListItem","position":1,"name":"Home","item":"https:\/\/companyinfo.de\/"},{"@type":"ListItem","position":2,"name":"Produkte","item":"https:\/\/companyinfo.de\/abonnements\/"},{"@type":"ListItem","position":3,"name":"Unbefristetes Abonnement"}]},{"@type":"WebSite","@id":"https:\/\/companyinfo.de\/#website","url":"https:\/\/companyinfo.de\/","name":"Companyinfo","description":"","potentialAction":[{"@type":"SearchAction","target":{"@type":"EntryPoint","urlTemplate":"https:\/\/companyinfo.de\/?s={search_term_string}"},"query-input":{"@type":"PropertyValueSpecification","valueRequired":true,"valueName":"search_term_string"}}],"inLanguage":"de"}]}},"_links":{"self":[{"href":"https:\/\/companyinfo.de\/wp\/wp-json\/wp\/v2\/pages\/18523","targetHints":{"allow":["GET"]}}],"collection":[{"href":"https:\/\/companyinfo.de\/wp\/wp-json\/wp\/v2\/pages"}],"about":[{"href":"https:\/\/companyinfo.de\/wp\/wp-json\/wp\/v2\/types\/page"}],"author":[{"embeddable":true,"href":"https:\/\/companyinfo.de\/wp\/wp-json\/wp\/v2\/users\/6"}],"replies":[{"embeddable":true,"href":"https:\/\/companyinfo.de\/wp\/wp-json\/wp\/v2\/comments?post=18523"}],"version-history":[{"count":13,"href":"https:\/\/companyinfo.de\/wp\/wp-json\/wp\/v2\/pages\/18523\/revisions"}],"predecessor-version":[{"id":19926,"href":"https:\/\/companyinfo.de\/wp\/wp-json\/wp\/v2\/pages\/18523\/revisions\/19926"}],"up":[{"embeddable":true,"href":"https:\/\/companyinfo.de\/wp\/wp-json\/wp\/v2\/pages\/19290"}],"wp:attachment":[{"href":"https:\/\/companyinfo.de\/wp\/wp-json\/wp\/v2\/media?parent=18523"}],"curies":[{"name":"wp","href":"https:\/\/api.w.org\/{rel}","templated":true}]}}