{"id":22827,"date":"2023-05-11T13:03:10","date_gmt":"2023-05-11T12:03:10","guid":{"rendered":"https:\/\/companyinfo.de\/?page_id=22827"},"modified":"2024-04-02T14:26:19","modified_gmt":"2024-04-02T13:26:19","slug":"ads_kyc_daten","status":"publish","type":"page","link":"https:\/\/companyinfo.de\/ads_kyc_daten\/","title":{"rendered":"KYC Daten f\u00fcr Compliance"},"content":{"rendered":"","protected":false},"excerpt":{"rendered":"","protected":false},"author":32,"featured_media":21972,"parent":0,"menu_order":0,"comment_status":"closed","ping_status":"closed","template":"","meta":{"_acf_changed":false,"footnotes":""},"class_list":["post-22827","page","type-page","status-publish","has-post-thumbnail","hentry"],"acf":[],"yoast_head":"<title>Companyinfo -<\/title>\n<meta name=\"description\" content=\"Datenqualit\u00e4t zur Gew\u00e4hrleistung der Compliance. Verf\u00fcgen Sie \u00fcber zuverl\u00e4ssige und vollst\u00e4ndige Daten zur Gew\u00e4hrleistung der Compliance.\" \/>\n<meta name=\"robots\" content=\"index, follow, max-snippet:-1, max-image-preview:large, max-video-preview:-1\" \/>\n<link rel=\"canonical\" href=\"https:\/\/companyinfo.de\/compliance__trashed\/ads_kyc_daten\/\" \/>\n<meta property=\"og:locale\" content=\"de_DE\" \/>\n<meta property=\"og:type\" content=\"article\" \/>\n<meta property=\"og:title\" content=\"Datenqualit\u00e4t zur Gew\u00e4hrleistung der Compliance | Company.info\" \/>\n<meta property=\"og:description\" content=\"Datenqualit\u00e4t zur Gew\u00e4hrleistung der Compliance. Verf\u00fcgen Sie \u00fcber zuverl\u00e4ssige und vollst\u00e4ndige Daten zur Gew\u00e4hrleistung der Compliance.\" \/>\n<meta property=\"og:url\" content=\"https:\/\/companyinfo.de\/compliance__trashed\/ads_kyc_daten\/\" \/>\n<meta property=\"og:site_name\" content=\"Companyinfo\" \/>\n<meta property=\"article:modified_time\" content=\"2024-04-02T13:26:19+00:00\" \/>\n<meta property=\"og:image\" content=\"https:\/\/companyinfo.de\/\/content\/uploads\/2023\/03\/CI_Deutschland_Compliance_Regulatorik_Saas_Apple-Macbook.jpg\" \/>\n\t<meta property=\"og:image:width\" content=\"627\" \/>\n\t<meta property=\"og:image:height\" content=\"418\" \/>\n\t<meta property=\"og:image:type\" content=\"image\/jpeg\" \/>\n<meta name=\"twitter:card\" content=\"summary_large_image\" \/>\n<meta name=\"twitter:label1\" content=\"Gesch\u00e4tzte Lesezeit\" \/>\n\t<meta name=\"twitter:data1\" content=\"3\u00a0Minuten\" \/>","yoast_head_json":{"title":"Companyinfo -","description":"Datenqualit\u00e4t zur Gew\u00e4hrleistung der Compliance. Verf\u00fcgen Sie \u00fcber zuverl\u00e4ssige und vollst\u00e4ndige Daten zur Gew\u00e4hrleistung der Compliance.","robots":{"index":"index","follow":"follow","max-snippet":"max-snippet:-1","max-image-preview":"max-image-preview:large","max-video-preview":"max-video-preview:-1"},"canonical":"https:\/\/companyinfo.de\/compliance__trashed\/ads_kyc_daten\/","og_locale":"de_DE","og_type":"article","og_title":"Datenqualit\u00e4t zur Gew\u00e4hrleistung der Compliance | Company.info","og_description":"Datenqualit\u00e4t zur Gew\u00e4hrleistung der Compliance. Verf\u00fcgen Sie \u00fcber zuverl\u00e4ssige und vollst\u00e4ndige Daten zur Gew\u00e4hrleistung der Compliance.","og_url":"https:\/\/companyinfo.de\/compliance__trashed\/ads_kyc_daten\/","og_site_name":"Companyinfo","article_modified_time":"2024-04-02T13:26:19+00:00","og_image":[{"width":627,"height":418,"url":"https:\/\/companyinfo.de\/\/content\/uploads\/2023\/03\/CI_Deutschland_Compliance_Regulatorik_Saas_Apple-Macbook.jpg","type":"image\/jpeg"}],"twitter_card":"summary_large_image","twitter_misc":{"Gesch\u00e4tzte Lesezeit":"3\u00a0Minuten"},"schema":{"@context":"https:\/\/schema.org","@graph":[{"@type":"WebPage","@id":"https:\/\/companyinfo.de\/compliance__trashed\/ads_kyc_daten\/","url":"https:\/\/companyinfo.de\/compliance__trashed\/ads_kyc_daten\/","name":"Datenqualit\u00e4t zur Gew\u00e4hrleistung der Compliance | Company.info","isPartOf":{"@id":"https:\/\/companyinfo.de\/#website"},"primaryImageOfPage":{"@id":"https:\/\/companyinfo.de\/compliance__trashed\/ads_kyc_daten\/#primaryimage"},"image":{"@id":"https:\/\/companyinfo.de\/compliance__trashed\/ads_kyc_daten\/#primaryimage"},"thumbnailUrl":"https:\/\/companyinfo.de\/\/content\/uploads\/2023\/03\/CI_Deutschland_Compliance_Regulatorik_Saas_Apple-Macbook.jpg","datePublished":"2023-05-11T12:03:10+00:00","dateModified":"2024-04-02T13:26:19+00:00","description":"Datenqualit\u00e4t zur Gew\u00e4hrleistung der Compliance. Verf\u00fcgen Sie \u00fcber zuverl\u00e4ssige und vollst\u00e4ndige Daten zur Gew\u00e4hrleistung der Compliance.","breadcrumb":{"@id":"https:\/\/companyinfo.de\/compliance__trashed\/ads_kyc_daten\/#breadcrumb"},"inLanguage":"de","potentialAction":[{"@type":"ReadAction","target":["https:\/\/companyinfo.de\/compliance__trashed\/ads_kyc_daten\/"]}]},{"@type":"ImageObject","inLanguage":"de","@id":"https:\/\/companyinfo.de\/compliance__trashed\/ads_kyc_daten\/#primaryimage","url":"https:\/\/companyinfo.de\/\/content\/uploads\/2023\/03\/CI_Deutschland_Compliance_Regulatorik_Saas_Apple-Macbook.jpg","contentUrl":"https:\/\/companyinfo.de\/\/content\/uploads\/2023\/03\/CI_Deutschland_Compliance_Regulatorik_Saas_Apple-Macbook.jpg","width":627,"height":418},{"@type":"BreadcrumbList","@id":"https:\/\/companyinfo.de\/compliance__trashed\/ads_kyc_daten\/#breadcrumb","itemListElement":[{"@type":"ListItem","position":1,"name":"Home","item":"https:\/\/companyinfo.de\/"},{"@type":"ListItem","position":2,"name":"KYC Daten f\u00fcr Compliance"}]},{"@type":"WebSite","@id":"https:\/\/companyinfo.de\/#website","url":"https:\/\/companyinfo.de\/","name":"Companyinfo","description":"","potentialAction":[{"@type":"SearchAction","target":{"@type":"EntryPoint","urlTemplate":"https:\/\/companyinfo.de\/?s={search_term_string}"},"query-input":{"@type":"PropertyValueSpecification","valueRequired":true,"valueName":"search_term_string"}}],"inLanguage":"de"}]}},"_links":{"self":[{"href":"https:\/\/companyinfo.de\/wp\/wp-json\/wp\/v2\/pages\/22827","targetHints":{"allow":["GET"]}}],"collection":[{"href":"https:\/\/companyinfo.de\/wp\/wp-json\/wp\/v2\/pages"}],"about":[{"href":"https:\/\/companyinfo.de\/wp\/wp-json\/wp\/v2\/types\/page"}],"author":[{"embeddable":true,"href":"https:\/\/companyinfo.de\/wp\/wp-json\/wp\/v2\/users\/32"}],"replies":[{"embeddable":true,"href":"https:\/\/companyinfo.de\/wp\/wp-json\/wp\/v2\/comments?post=22827"}],"version-history":[{"count":26,"href":"https:\/\/companyinfo.de\/wp\/wp-json\/wp\/v2\/pages\/22827\/revisions"}],"predecessor-version":[{"id":23893,"href":"https:\/\/companyinfo.de\/wp\/wp-json\/wp\/v2\/pages\/22827\/revisions\/23893"}],"wp:featuredmedia":[{"embeddable":true,"href":"https:\/\/companyinfo.de\/wp\/wp-json\/wp\/v2\/media\/21972"}],"wp:attachment":[{"href":"https:\/\/companyinfo.de\/wp\/wp-json\/wp\/v2\/media?parent=22827"}],"curies":[{"name":"wp","href":"https:\/\/api.w.org\/{rel}","templated":true}]}}