{"id":23453,"date":"2023-12-22T11:33:26","date_gmt":"2023-12-22T10:33:26","guid":{"rendered":"https:\/\/companyinfo.de\/?page_id=23453"},"modified":"2026-03-11T14:40:54","modified_gmt":"2026-03-11T13:40:54","slug":"preise","status":"publish","type":"page","link":"https:\/\/companyinfo.de\/preise\/","title":{"rendered":"Preise"},"content":{"rendered":"","protected":false},"excerpt":{"rendered":"","protected":false},"author":28,"featured_media":0,"parent":0,"menu_order":0,"comment_status":"closed","ping_status":"closed","template":"tpl-pricing-nl.php","meta":{"_acf_changed":false,"footnotes":""},"class_list":["post-23453","page","type-page","status-publish","hentry"],"acf":[],"yoast_head":"<title>Companyinfo -<\/title>\n<meta name=\"description\" content=\"Preise f\u00fcr Onlineportal, Unternehmensdaten-API und Data on Demand. W\u00e4hlen Sie die passende L\u00f6sung f\u00fcr Unternehmensdaten und Compliance.\" \/>\n<meta name=\"robots\" content=\"index, follow, max-snippet:-1, max-image-preview:large, max-video-preview:-1\" \/>\n<link rel=\"canonical\" href=\"https:\/\/companyinfo.de\/preise\/\" \/>\n<meta property=\"og:locale\" content=\"de_DE\" \/>\n<meta property=\"og:type\" content=\"article\" \/>\n<meta property=\"og:title\" content=\"Company.info Preise | Onlineportal, API &amp; Data on Demand\" \/>\n<meta property=\"og:description\" content=\"Preise f\u00fcr Onlineportal, Unternehmensdaten-API und Data on Demand. W\u00e4hlen Sie die passende L\u00f6sung f\u00fcr Unternehmensdaten und Compliance.\" \/>\n<meta property=\"og:url\" content=\"https:\/\/companyinfo.de\/preise\/\" \/>\n<meta property=\"og:site_name\" content=\"Companyinfo\" \/>\n<meta property=\"article:modified_time\" content=\"2026-03-11T13:40:54+00:00\" \/>\n<meta name=\"twitter:card\" content=\"summary_large_image\" \/>","yoast_head_json":{"title":"Companyinfo -","description":"Preise f\u00fcr Onlineportal, Unternehmensdaten-API und Data on Demand. W\u00e4hlen Sie die passende L\u00f6sung f\u00fcr Unternehmensdaten und Compliance.","robots":{"index":"index","follow":"follow","max-snippet":"max-snippet:-1","max-image-preview":"max-image-preview:large","max-video-preview":"max-video-preview:-1"},"canonical":"https:\/\/companyinfo.de\/preise\/","og_locale":"de_DE","og_type":"article","og_title":"Company.info Preise | Onlineportal, API & Data on Demand","og_description":"Preise f\u00fcr Onlineportal, Unternehmensdaten-API und Data on Demand. W\u00e4hlen Sie die passende L\u00f6sung f\u00fcr Unternehmensdaten und Compliance.","og_url":"https:\/\/companyinfo.de\/preise\/","og_site_name":"Companyinfo","article_modified_time":"2026-03-11T13:40:54+00:00","twitter_card":"summary_large_image","schema":{"@context":"https:\/\/schema.org","@graph":[{"@type":"WebPage","@id":"https:\/\/companyinfo.de\/preise\/","url":"https:\/\/companyinfo.de\/preise\/","name":"Company.info Preise | Onlineportal, API & Data on Demand","isPartOf":{"@id":"https:\/\/companyinfo.de\/#website"},"datePublished":"2023-12-22T10:33:26+00:00","dateModified":"2026-03-11T13:40:54+00:00","description":"Preise f\u00fcr Onlineportal, Unternehmensdaten-API und Data on Demand. W\u00e4hlen Sie die passende L\u00f6sung f\u00fcr Unternehmensdaten und Compliance.","breadcrumb":{"@id":"https:\/\/companyinfo.de\/preise\/#breadcrumb"},"inLanguage":"de","potentialAction":[{"@type":"ReadAction","target":["https:\/\/companyinfo.de\/preise\/"]}]},{"@type":"BreadcrumbList","@id":"https:\/\/companyinfo.de\/preise\/#breadcrumb","itemListElement":[{"@type":"ListItem","position":1,"name":"Home","item":"https:\/\/companyinfo.de\/"},{"@type":"ListItem","position":2,"name":"Preise"}]},{"@type":"WebSite","@id":"https:\/\/companyinfo.de\/#website","url":"https:\/\/companyinfo.de\/","name":"Companyinfo","description":"","potentialAction":[{"@type":"SearchAction","target":{"@type":"EntryPoint","urlTemplate":"https:\/\/companyinfo.de\/?s={search_term_string}"},"query-input":{"@type":"PropertyValueSpecification","valueRequired":true,"valueName":"search_term_string"}}],"inLanguage":"de"}]}},"_links":{"self":[{"href":"https:\/\/companyinfo.de\/wp\/wp-json\/wp\/v2\/pages\/23453","targetHints":{"allow":["GET"]}}],"collection":[{"href":"https:\/\/companyinfo.de\/wp\/wp-json\/wp\/v2\/pages"}],"about":[{"href":"https:\/\/companyinfo.de\/wp\/wp-json\/wp\/v2\/types\/page"}],"author":[{"embeddable":true,"href":"https:\/\/companyinfo.de\/wp\/wp-json\/wp\/v2\/users\/28"}],"replies":[{"embeddable":true,"href":"https:\/\/companyinfo.de\/wp\/wp-json\/wp\/v2\/comments?post=23453"}],"version-history":[{"count":2,"href":"https:\/\/companyinfo.de\/wp\/wp-json\/wp\/v2\/pages\/23453\/revisions"}],"predecessor-version":[{"id":23534,"href":"https:\/\/companyinfo.de\/wp\/wp-json\/wp\/v2\/pages\/23453\/revisions\/23534"}],"wp:attachment":[{"href":"https:\/\/companyinfo.de\/wp\/wp-json\/wp\/v2\/media?parent=23453"}],"curies":[{"name":"wp","href":"https:\/\/api.w.org\/{rel}","templated":true}]}}