{"id":8872,"date":"2019-12-09T13:24:48","date_gmt":"2019-12-09T12:24:48","guid":{"rendered":"https:\/\/companyinfo.de\/?page_id=8872"},"modified":"2022-09-20T19:31:32","modified_gmt":"2022-09-20T18:31:32","slug":"responsible-disclosure","status":"publish","type":"page","link":"https:\/\/companyinfo.de\/responsible-disclosure\/","title":{"rendered":"Responsible disclosure"},"content":{"rendered":"","protected":false},"excerpt":{"rendered":"","protected":false},"author":13,"featured_media":0,"parent":0,"menu_order":0,"comment_status":"closed","ping_status":"closed","template":"","meta":{"_acf_changed":false,"footnotes":""},"class_list":["post-8872","page","type-page","status-publish","hentry"],"acf":[],"yoast_head":"<title>Companyinfo -<\/title>\n<meta name=\"description\" content=\"Wir m\u00f6chten gerne mit Ihnen zusammenarbeiten, um unsere Kunden und unsere Systeme besser sch\u00fctzen zu k\u00f6nnen.\" \/>\n<meta name=\"robots\" content=\"index, follow, max-snippet:-1, max-image-preview:large, max-video-preview:-1\" \/>\n<link rel=\"canonical\" href=\"https:\/\/companyinfo.de\/responsible-disclosure\/\" \/>\n<meta property=\"og:locale\" content=\"de_DE\" \/>\n<meta property=\"og:type\" content=\"article\" \/>\n<meta property=\"og:title\" content=\"Responsible disclosure | Company.info\" \/>\n<meta property=\"og:description\" content=\"Wir m\u00f6chten gerne mit Ihnen zusammenarbeiten, um unsere Kunden und unsere Systeme besser sch\u00fctzen zu k\u00f6nnen.\" \/>\n<meta property=\"og:url\" content=\"https:\/\/companyinfo.de\/responsible-disclosure\/\" \/>\n<meta property=\"og:site_name\" content=\"Companyinfo\" \/>\n<meta property=\"article:modified_time\" content=\"2022-09-20T18:31:32+00:00\" \/>\n<meta name=\"twitter:card\" content=\"summary_large_image\" \/>","yoast_head_json":{"title":"Companyinfo -","description":"Wir m\u00f6chten gerne mit Ihnen zusammenarbeiten, um unsere Kunden und unsere Systeme besser sch\u00fctzen zu k\u00f6nnen.","robots":{"index":"index","follow":"follow","max-snippet":"max-snippet:-1","max-image-preview":"max-image-preview:large","max-video-preview":"max-video-preview:-1"},"canonical":"https:\/\/companyinfo.de\/responsible-disclosure\/","og_locale":"de_DE","og_type":"article","og_title":"Responsible disclosure | Company.info","og_description":"Wir m\u00f6chten gerne mit Ihnen zusammenarbeiten, um unsere Kunden und unsere Systeme besser sch\u00fctzen zu k\u00f6nnen.","og_url":"https:\/\/companyinfo.de\/responsible-disclosure\/","og_site_name":"Companyinfo","article_modified_time":"2022-09-20T18:31:32+00:00","twitter_card":"summary_large_image","schema":{"@context":"https:\/\/schema.org","@graph":[{"@type":"WebPage","@id":"https:\/\/companyinfo.de\/responsible-disclosure\/","url":"https:\/\/companyinfo.de\/responsible-disclosure\/","name":"Responsible disclosure | Company.info","isPartOf":{"@id":"https:\/\/companyinfo.de\/#website"},"datePublished":"2019-12-09T12:24:48+00:00","dateModified":"2022-09-20T18:31:32+00:00","description":"Wir m\u00f6chten gerne mit Ihnen zusammenarbeiten, um unsere Kunden und unsere Systeme besser sch\u00fctzen zu k\u00f6nnen.","breadcrumb":{"@id":"https:\/\/companyinfo.de\/responsible-disclosure\/#breadcrumb"},"inLanguage":"de","potentialAction":[{"@type":"ReadAction","target":["https:\/\/companyinfo.de\/responsible-disclosure\/"]}]},{"@type":"BreadcrumbList","@id":"https:\/\/companyinfo.de\/responsible-disclosure\/#breadcrumb","itemListElement":[{"@type":"ListItem","position":1,"name":"Home","item":"https:\/\/companyinfo.de\/"},{"@type":"ListItem","position":2,"name":"Responsible disclosure"}]},{"@type":"WebSite","@id":"https:\/\/companyinfo.de\/#website","url":"https:\/\/companyinfo.de\/","name":"Companyinfo","description":"","potentialAction":[{"@type":"SearchAction","target":{"@type":"EntryPoint","urlTemplate":"https:\/\/companyinfo.de\/?s={search_term_string}"},"query-input":{"@type":"PropertyValueSpecification","valueRequired":true,"valueName":"search_term_string"}}],"inLanguage":"de"}]}},"_links":{"self":[{"href":"https:\/\/companyinfo.de\/wp\/wp-json\/wp\/v2\/pages\/8872","targetHints":{"allow":["GET"]}}],"collection":[{"href":"https:\/\/companyinfo.de\/wp\/wp-json\/wp\/v2\/pages"}],"about":[{"href":"https:\/\/companyinfo.de\/wp\/wp-json\/wp\/v2\/types\/page"}],"author":[{"embeddable":true,"href":"https:\/\/companyinfo.de\/wp\/wp-json\/wp\/v2\/users\/13"}],"replies":[{"embeddable":true,"href":"https:\/\/companyinfo.de\/wp\/wp-json\/wp\/v2\/comments?post=8872"}],"version-history":[{"count":6,"href":"https:\/\/companyinfo.de\/wp\/wp-json\/wp\/v2\/pages\/8872\/revisions"}],"predecessor-version":[{"id":21426,"href":"https:\/\/companyinfo.de\/wp\/wp-json\/wp\/v2\/pages\/8872\/revisions\/21426"}],"wp:attachment":[{"href":"https:\/\/companyinfo.de\/wp\/wp-json\/wp\/v2\/media?parent=8872"}],"curies":[{"name":"wp","href":"https:\/\/api.w.org\/{rel}","templated":true}]}}